{"id":2342,"date":"2017-08-06T06:47:51","date_gmt":"2017-08-06T06:47:51","guid":{"rendered":"https:\/\/demo.themefreesia.com\/idyllic\/?page_id=1997"},"modified":"2018-06-18T15:35:38","modified_gmt":"2018-06-18T13:35:38","slug":"tech","status":"publish","type":"page","link":"http:\/\/3m-projekt.pl\/index.php\/tech\/","title":{"rendered":"Wskaz\u00f3wki techniczne"},"content":{"rendered":"<p><strong>SPOS\u00d3B PRZEKAZYWANIA DANYCH WEJ\u015aCIOWYCH<\/strong><\/p>\n<ul>\n<li>jako za\u0142\u0105cznik lub link w wiadomo\u015bci e-mail<\/li>\n<li>poprzez dedykowany serwer FTP (ka\u017cdy klient otrzymuje indywidualne, zabezpieczone konto)<\/li>\n<li>poprzez przes\u0142anie do naszej siedziby fizycznych no\u015bnik\u00f3w danych.<\/li>\n<\/ul>\n<p>&nbsp;<\/p>\n<p><strong>\u015aRODOWISKO PRACY<\/strong><\/p>\n<ul>\n<li>Adobe Illustrator CS6 (*.ai, *.eps)<\/li>\n<li>Adobe Photoshop CS6 (*.psd)<\/li>\n<li>Adobe Acrobat PRO (*.pdf)<\/li>\n<\/ul>\n<p><strong>\u00a0<\/strong><\/p>\n<p><strong>ZDJ\u0118CIA I ILUSTRACJE W PROJEKTACH<\/strong><\/p>\n<ul>\n<li>otwarte pliki zbudowane na warstwach (*.psd, *.tif)<\/li>\n<li>wymagana minimalna rozdzielczo\u015b\u0107 300dpi<\/li>\n<\/ul>\n","protected":false},"excerpt":{"rendered":"<p>SPOS\u00d3B PRZEKAZYWANIA DANYCH WEJ\u015aCIOWYCH jako za\u0142\u0105cznik lub link w wiadomo\u015bci e-mail poprzez dedykowany serwer FTP (ka\u017cdy klient otrzymuje indywidualne, zabezpieczone konto) poprzez przes\u0142anie do naszej siedziby fizycznych no\u015bnik\u00f3w danych. &nbsp; \u015aRODOWISKO PRACY Adobe Illustrator CS6 (*.ai, *.eps) Adobe Photoshop CS6 (*.psd) Adobe Acrobat PRO (*.pdf) \u00a0 ZDJ\u0118CIA I ILUSTRACJE W&hellip; <\/p>\n","protected":false},"author":1,"featured_media":0,"parent":0,"menu_order":0,"comment_status":"closed","ping_status":"closed","template":"","meta":{"footnotes":""},"_links":{"self":[{"href":"http:\/\/3m-projekt.pl\/index.php\/wp-json\/wp\/v2\/pages\/2342"}],"collection":[{"href":"http:\/\/3m-projekt.pl\/index.php\/wp-json\/wp\/v2\/pages"}],"about":[{"href":"http:\/\/3m-projekt.pl\/index.php\/wp-json\/wp\/v2\/types\/page"}],"author":[{"embeddable":true,"href":"http:\/\/3m-projekt.pl\/index.php\/wp-json\/wp\/v2\/users\/1"}],"replies":[{"embeddable":true,"href":"http:\/\/3m-projekt.pl\/index.php\/wp-json\/wp\/v2\/comments?post=2342"}],"version-history":[{"count":2,"href":"http:\/\/3m-projekt.pl\/index.php\/wp-json\/wp\/v2\/pages\/2342\/revisions"}],"predecessor-version":[{"id":2418,"href":"http:\/\/3m-projekt.pl\/index.php\/wp-json\/wp\/v2\/pages\/2342\/revisions\/2418"}],"wp:attachment":[{"href":"http:\/\/3m-projekt.pl\/index.php\/wp-json\/wp\/v2\/media?parent=2342"}],"curies":[{"name":"wp","href":"https:\/\/api.w.org\/{rel}","templated":true}]}}