{"id":2101,"date":"2017-08-05T12:26:29","date_gmt":"2017-08-05T12:26:29","guid":{"rendered":"https:\/\/demo.themefreesia.com\/idyllic\/?page_id=1848"},"modified":"2017-08-05T12:26:29","modified_gmt":"2017-08-05T12:26:29","slug":"total-support-2","status":"publish","type":"page","link":"http:\/\/3m-projekt.pl\/index.php\/feature-box\/total-support-2\/","title":{"rendered":"Dok\u0142adno\u015b\u0107"},"content":{"rendered":"<p>Ka\u017cdy projekt prowadzony jest przez koordynatora b\u0119d\u0105cego \u0142\u0105cznikiem mi\u0119dzy klientem, a grafikiem. Dzi\u0119ki temu dopracowany jest ka\u017cdy aspekt przygotowywanej pracy, co przek\u0142ada si\u0119 na bezproblemow\u0105 realizacj\u0119 zlecenia w drukarni.<\/p>\n","protected":false},"excerpt":{"rendered":"<p>Ka\u017cdy projekt prowadzony jest przez koordynatora b\u0119d\u0105cego \u0142\u0105cznikiem mi\u0119dzy klientem, a grafikiem. Dzi\u0119ki temu dopracowany jest ka\u017cdy aspekt przygotowywanej pracy, co przek\u0142ada si\u0119 na bezproblemow\u0105 realizacj\u0119 zlecenia w drukarni.<\/p>\n","protected":false},"author":1,"featured_media":2290,"parent":1839,"menu_order":0,"comment_status":"closed","ping_status":"closed","template":"","meta":{"footnotes":""},"_links":{"self":[{"href":"http:\/\/3m-projekt.pl\/index.php\/wp-json\/wp\/v2\/pages\/2101"}],"collection":[{"href":"http:\/\/3m-projekt.pl\/index.php\/wp-json\/wp\/v2\/pages"}],"about":[{"href":"http:\/\/3m-projekt.pl\/index.php\/wp-json\/wp\/v2\/types\/page"}],"author":[{"embeddable":true,"href":"http:\/\/3m-projekt.pl\/index.php\/wp-json\/wp\/v2\/users\/1"}],"replies":[{"embeddable":true,"href":"http:\/\/3m-projekt.pl\/index.php\/wp-json\/wp\/v2\/comments?post=2101"}],"version-history":[{"count":0,"href":"http:\/\/3m-projekt.pl\/index.php\/wp-json\/wp\/v2\/pages\/2101\/revisions"}],"up":[{"embeddable":true,"href":"http:\/\/3m-projekt.pl\/index.php\/wp-json\/wp\/v2\/pages\/1839"}],"wp:featuredmedia":[{"embeddable":true,"href":"http:\/\/3m-projekt.pl\/index.php\/wp-json\/"}],"wp:attachment":[{"href":"http:\/\/3m-projekt.pl\/index.php\/wp-json\/wp\/v2\/media?parent=2101"}],"curies":[{"name":"wp","href":"https:\/\/api.w.org\/{rel}","templated":true}]}}