{"id":2098,"date":"2017-08-05T12:23:18","date_gmt":"2017-08-05T12:23:18","guid":{"rendered":"https:\/\/demo.themefreesia.com\/idyllic\/?page_id=1841"},"modified":"2018-06-18T13:32:18","modified_gmt":"2018-06-18T11:32:18","slug":"easy-to-use-2","status":"publish","type":"page","link":"http:\/\/3m-projekt.pl\/index.php\/feature-box\/easy-to-use-2\/","title":{"rendered":"Profesjonalizm"},"content":{"rendered":"<p>Nasz zesp\u00f3\u0142 ma wieloletnie do\u015bwiadczenie w bran\u017cy poligraficznej. Dysponujemy specjalistycznymi narz\u0119dziami zapewniaj\u0105cymi uzyskanie okre\u015blonych parametr\u00f3w wydruku. Pracujemy na profesjonalnym sprz\u0119cie i oprogramowaniu dedykowanym dla bran\u017cy poligraficznej.<\/p>\n","protected":false},"excerpt":{"rendered":"<p>Nasz zesp\u00f3\u0142 ma wieloletnie do\u015bwiadczenie w bran\u017cy poligraficznej. Dysponujemy specjalistycznymi narz\u0119dziami zapewniaj\u0105cymi uzyskanie okre\u015blonych parametr\u00f3w wydruku. Pracujemy na profesjonalnym sprz\u0119cie i oprogramowaniu dedykowanym dla bran\u017cy poligraficznej.<\/p>\n","protected":false},"author":1,"featured_media":2288,"parent":1839,"menu_order":0,"comment_status":"closed","ping_status":"closed","template":"","meta":{"footnotes":""},"_links":{"self":[{"href":"http:\/\/3m-projekt.pl\/index.php\/wp-json\/wp\/v2\/pages\/2098"}],"collection":[{"href":"http:\/\/3m-projekt.pl\/index.php\/wp-json\/wp\/v2\/pages"}],"about":[{"href":"http:\/\/3m-projekt.pl\/index.php\/wp-json\/wp\/v2\/types\/page"}],"author":[{"embeddable":true,"href":"http:\/\/3m-projekt.pl\/index.php\/wp-json\/wp\/v2\/users\/1"}],"replies":[{"embeddable":true,"href":"http:\/\/3m-projekt.pl\/index.php\/wp-json\/wp\/v2\/comments?post=2098"}],"version-history":[{"count":1,"href":"http:\/\/3m-projekt.pl\/index.php\/wp-json\/wp\/v2\/pages\/2098\/revisions"}],"predecessor-version":[{"id":2415,"href":"http:\/\/3m-projekt.pl\/index.php\/wp-json\/wp\/v2\/pages\/2098\/revisions\/2415"}],"up":[{"embeddable":true,"href":"http:\/\/3m-projekt.pl\/index.php\/wp-json\/wp\/v2\/pages\/1839"}],"wp:featuredmedia":[{"embeddable":true,"href":"http:\/\/3m-projekt.pl\/index.php\/wp-json\/"}],"wp:attachment":[{"href":"http:\/\/3m-projekt.pl\/index.php\/wp-json\/wp\/v2\/media?parent=2098"}],"curies":[{"name":"wp","href":"https:\/\/api.w.org\/{rel}","templated":true}]}}